{"id":68,"date":"2025-08-03T11:09:12","date_gmt":"2025-08-03T11:09:12","guid":{"rendered":"https:\/\/koerper-und-geist.at\/?page_id=68"},"modified":"2025-08-21T20:52:21","modified_gmt":"2025-08-21T20:52:21","slug":"68-2","status":"publish","type":"page","link":"https:\/\/koerper-und-geist.at\/?page_id=68","title":{"rendered":"Yoga"},"content":{"rendered":"\n<h3 class=\"wp-block-heading has-text-align-center\"><strong>Der Weg zu Gesundheit und Harmonie<\/strong><\/h3>\n\n\n\n<figure class=\"wp-block-image aligncenter size-large is-resized\"><img loading=\"lazy\" decoding=\"async\" width=\"768\" height=\"1024\" src=\"https:\/\/koerper-und-geist.at\/wp-content\/uploads\/2025\/08\/rohan-reddy-Sd_LigBt_wo-unsplash-768x1024.jpg\" alt=\"\" class=\"wp-image-191\" style=\"width:324px;height:auto\" srcset=\"https:\/\/koerper-und-geist.at\/wp-content\/uploads\/2025\/08\/rohan-reddy-Sd_LigBt_wo-unsplash-768x1024.jpg 768w, https:\/\/koerper-und-geist.at\/wp-content\/uploads\/2025\/08\/rohan-reddy-Sd_LigBt_wo-unsplash-225x300.jpg 225w, https:\/\/koerper-und-geist.at\/wp-content\/uploads\/2025\/08\/rohan-reddy-Sd_LigBt_wo-unsplash-1152x1536.jpg 1152w, https:\/\/koerper-und-geist.at\/wp-content\/uploads\/2025\/08\/rohan-reddy-Sd_LigBt_wo-unsplash-1536x2048.jpg 1536w, https:\/\/koerper-und-geist.at\/wp-content\/uploads\/2025\/08\/rohan-reddy-Sd_LigBt_wo-unsplash-scaled.jpg 1920w\" sizes=\"auto, (max-width: 768px) 100vw, 768px\" \/><\/figure>\n\n\n\n<div class=\"wp-block-group has-global-padding is-layout-constrained wp-block-group-is-layout-constrained\">\n<div class=\"wp-block-group is-nowrap is-layout-flex wp-container-core-group-is-layout-6c531013 wp-block-group-is-layout-flex\"><\/div>\n\n\n\n<div class=\"wp-block-group is-nowrap is-layout-flex wp-container-core-group-is-layout-6c531013 wp-block-group-is-layout-flex\"><\/div>\n\n\n\n<p><strong>Jeder kann Yoga praktizieren.<\/strong> Du musst kein Athlet oder Akrobat sein, um die Asanas (K\u00f6rperhaltungen) zu \u00fcben. Durch einfache Hilfsmittel kannst auch du Kraft, Selbstvertrauen und Beweglichkeit aufbauen, ohne \u00dcberlastung oder Verletzungen zu riskieren.<\/p>\n\n\n\n<p>Die Belastungen des <strong>modernen Lebens<\/strong> k\u00f6nnen physische Schmerzen und Krankheiten zur Folge haben, da wir unseren K\u00f6rper im Streben nach materiellem Erfolg allzu oft <strong>vernachl\u00e4ssigen<\/strong>. Der Stress kann auch zu psychischem Leiden f\u00fchren: zu Gef\u00fchlen von Unzul\u00e4nglichkeit, Isolation oder Hilflosigkeit. Yoga <strong>st\u00e4rkt <\/strong>die Verbindung von geistiger und k\u00f6rperlicher Ebene und stellt somit ein Gef\u00fchl der inneren und \u00e4u\u00dferen Ausgeglichenheit her. Ich bezeichne dies als Ausrichtung. Wenn wir diese Ausrichtung erlangen, befindet sich jede Zelle und Faser unseres K\u00f6rpers in vollkommener <strong>Harmonie <\/strong>(B.K.S. Iyengar).<\/p>\n\n\n\n<p>Viele Menschen wissen, dass Yoga den K\u00f6rper <strong>stark <\/strong>und <strong>geschmeidig <\/strong>macht. Ebenso ist allgemein bekannt, dass Yoga die Funktion des <strong>Atmungs-, Kreislauf-, Verdauungs- und Hormonsystems <\/strong>verbessert. Das \u00dcben von Yoga verleiht uns aber auch emotionale Stabilit\u00e4t und einen klaren Verstand. <\/p>\n\n\n\n<p>Und nun?<br><strong>Nun beginnt die Darlegung der Kunst des Yoga (Patanjali).<\/strong><\/p>\n\n\n\n<p>Ich freue mich darauf, dich auf deinem Yoga-Weg zu begleiten. Ich werde dich Schritt f\u00fcr Schritt an Yoga heranf\u00fchren. Falls du dir noch nicht sicher bist, kein Problem: die erste Einheit ist bei mir kostenlos.<\/p>\n<\/div>\n\n\n\n<div class=\"wp-block-group is-nowrap is-layout-flex wp-container-core-group-is-layout-6c531013 wp-block-group-is-layout-flex\"><\/div>\n\n\n\n<p><\/p>\n\n\n\n<div class=\"wp-block-group has-global-padding is-layout-constrained wp-block-group-is-layout-constrained\">\n<div class=\"wp-block-buttons alignfull is-content-justification-center is-layout-flex wp-container-core-buttons-is-layout-a89b3969 wp-block-buttons-is-layout-flex\">\n<div class=\"wp-block-button\"><a class=\"wp-block-button__link wp-element-button\" href=\"https:\/\/koerper-und-geist.at\/?page_id=175\"><strong>Aktuelle Kurse<\/strong><\/a><\/div>\n\n\n\n<div class=\"wp-block-button\"><a class=\"wp-block-button__link has-text-align-center wp-element-button\" href=\"mailto:herbert@koerper-und-geist.at\"><strong>Kontakt<\/strong><\/a><\/div>\n<\/div>\n<\/div>\n\n\n\n<div class=\"wp-block-group alignfull has-global-padding is-layout-constrained wp-container-core-group-is-layout-f611be13 wp-block-group-is-layout-constrained\" style=\"padding-top:var(--wp--preset--spacing--50);padding-right:var(--wp--preset--spacing--50);padding-bottom:var(--wp--preset--spacing--50);padding-left:var(--wp--preset--spacing--50)\">\n<div class=\"wp-block-group has-global-padding is-layout-constrained wp-container-core-group-is-layout-650790e1 wp-block-group-is-layout-constrained\"><\/div>\n\n\n\n<div class=\"wp-block-group is-nowrap is-layout-flex wp-container-core-group-is-layout-6c531013 wp-block-group-is-layout-flex\"><\/div>\n\n\n\n<div class=\"wp-block-group is-nowrap is-layout-flex wp-container-core-group-is-layout-6c531013 wp-block-group-is-layout-flex\"><\/div>\n\n\n\n<div class=\"wp-block-group is-vertical is-layout-flex wp-container-core-group-is-layout-fe9cc265 wp-block-group-is-layout-flex\"><\/div>\n\n\n\n<figure class=\"wp-block-image alignright size-large is-resized is-style-rounded is-style-rounded--1\"><img loading=\"lazy\" decoding=\"async\" width=\"768\" height=\"1024\" src=\"https:\/\/koerper-und-geist.at\/wp-content\/uploads\/2025\/08\/sri-lanka-SYH6qoNbNEM-unsplash-768x1024.jpg\" alt=\"\" class=\"wp-image-72\" style=\"width:352px;height:auto\" srcset=\"https:\/\/koerper-und-geist.at\/wp-content\/uploads\/2025\/08\/sri-lanka-SYH6qoNbNEM-unsplash-768x1024.jpg 768w, https:\/\/koerper-und-geist.at\/wp-content\/uploads\/2025\/08\/sri-lanka-SYH6qoNbNEM-unsplash-225x300.jpg 225w, https:\/\/koerper-und-geist.at\/wp-content\/uploads\/2025\/08\/sri-lanka-SYH6qoNbNEM-unsplash-1152x1536.jpg 1152w, https:\/\/koerper-und-geist.at\/wp-content\/uploads\/2025\/08\/sri-lanka-SYH6qoNbNEM-unsplash-1536x2048.jpg 1536w, https:\/\/koerper-und-geist.at\/wp-content\/uploads\/2025\/08\/sri-lanka-SYH6qoNbNEM-unsplash-scaled.jpg 1920w\" sizes=\"auto, (max-width: 768px) 100vw, 768px\" \/><\/figure>\n\n\n\n<h2 class=\"wp-block-heading has-text-align-center\"><strong>Was erwartet dich bei meinem Yoga?<\/strong><\/h2>\n\n\n\n<p>Ich unterrichte Hatha-Yoga nach B.K.S. Iyengar und wurde von Elmar Arjuna Eisele und Romana Gruber in Dornbirn ausgebildet. <\/p>\n\n\n\n<p>B.K.S. Iyengar war einer der bedeutendsten Yoga-Lehrer des 20. Jahrhunderts und pr\u00e4gte den Yoga im Westen ma\u00dfgeblich. Sein Ansatz legt besonderen Wert auf pr\u00e4zise Ausrichtung, Achtsamkeit und eine schrittweise Entwicklung von K\u00f6rperbewusstsein und innerer St\u00e4rke.<\/p>\n\n\n\n<p>Wir arbeiten mit bewussten K\u00f6rperhaltungen (Asanas), Atemlenkung (Pranayama), und schulen deine Konzentration, Achtsamkeit und innere Ruhe.<\/p>\n\n\n\n<p>Ziel ist nicht nur mehr Beweglichkeit oder Kraft \u2013 sondern echte Verbindung mit dir selbst. Mein Yoga richtet sich nach den acht Stufen des Yoga (Ashtanga-Yoga), wie sie im Werk <em>Licht auf Yoga<\/em> von B.K.S. Iyengar beschrieben sind:<\/p>\n\n\n\n<h4 class=\"wp-block-heading\"><strong>Die acht Stufen des Yoga nach B.K.S. Iyengar:<\/strong><\/h4>\n\n\n\n<ul class=\"wp-block-list\">\n<li><strong>Yama <\/strong>\u2013 ethisches Verhalten gegen\u00fcber anderen (z.\u202fB. Gewaltlosigkeit, Wahrhaftigkeit)<br><\/li>\n\n\n\n<li><strong>Niyama <\/strong>\u2013 innere Haltung &amp; Selbstdisziplin (z.\u202fB. Reinheit, Zufriedenheit, Selbstreflexion)<br><\/li>\n\n\n\n<li><strong>Asana <\/strong>\u2013 K\u00f6rperhaltungen, die Stabilit\u00e4t und Leichtigkeit f\u00f6rdern<br><\/li>\n\n\n\n<li><strong>Pranayama <\/strong>\u2013 bewusste Atemf\u00fchrung zur Steuerung der Lebensenergie<br><\/li>\n\n\n\n<li><strong>Pratyahara <\/strong>\u2013 R\u00fcckzug der Sinne, um nach innen zu lauschen<br><\/li>\n\n\n\n<li><strong>Dharana <\/strong>\u2013 Konzentration, geistige Sammlung<br><\/li>\n\n\n\n<li><strong>Dhyana <\/strong>\u2013 Meditation, das ruhige, beobachtende Verweilen<br><\/li>\n\n\n\n<li><strong>Samadhi <\/strong>\u2013 tiefste Form von Versenkung, Einssein<br><br><br><\/li>\n<\/ul>\n\n\n\n<div class=\"wp-block-group is-nowrap is-layout-flex wp-container-core-group-is-layout-6c531013 wp-block-group-is-layout-flex\"><\/div>\n\n\n\n<div class=\"wp-block-group is-nowrap is-layout-flex wp-container-core-group-is-layout-6c531013 wp-block-group-is-layout-flex\">\n<h2 class=\"wp-block-heading has-text-align-center\">Einzelkurs<\/h2>\n<\/div>\n\n\n\n<p><strong>100 % Fokus auf dich \u2013 flexibel, pers\u00f6nlich und wohltuend.<\/strong><strong><br><\/strong><strong>Ob R\u00fccken, Stress oder innere Unruhe \u2013 du bringst dein Anliegen mit, wir arbeiten in deiner pers\u00f6nlichen Einheit genau daran.<\/strong><\/p>\n\n\n\n<p>Deine Ziele und Bed\u00fcrfnisse bestimmen die Inhalte der Stunde \u2013 individuell, achtsam und auf dich abgestimmt. In den Einzelstunden stehst du mit deinem Anliegen ganz im Mittelpunkt. Die Einheit wird individuell auf deine k\u00f6rperlichen und mentalen Bed\u00fcrfnisse abgestimmt \u2013 pers\u00f6nlich, achtsam und auf Augenh\u00f6he.<\/p>\n\n\n\n<details class=\"wp-block-details is-layout-flow wp-block-details-is-layout-flow\"><summary><strong>Deine Vorteile auf einen Blick:<\/strong><\/summary>\n<p><strong>\u2713<\/strong> <strong>Flexibel buchbar<br><\/strong>Du entscheidest, wann und wo deine Einheit stattfindet \u2013 in pers\u00f6nlicher Absprache mit Herbert.<\/p>\n\n\n\n<p><strong>\u2713<\/strong> <strong>Individuell &amp; l\u00f6sungsorientiert<br><\/strong>In den Einzelstunden nehmen wir uns bewusst Zeit f\u00fcr dein pers\u00f6nliches Anliegen. Damit wir gezielt und nachhaltig daran arbeiten k\u00f6nnen, starten wir mit einem Kennenlernen inkl. Beratungsgespr\u00e4ch. So schaffen wir von Anfang an einen vertrauensvollen Rahmen und stellen sicher, dass die Einheit genau auf dich und deine Bed\u00fcrfnisse abgestimmt ist.<\/p>\n\n\n\n<p><strong>\u2713<\/strong> <strong>Ungeteilte Aufmerksamkeit<br><\/strong>Du \u00fcbst im 1:1 Setting mit Herbert \u2013 pers\u00f6nlich, achtsam und auf Augenh\u00f6he.<\/p>\n\n\n\n<p><strong>\u2713<\/strong> <strong>Eingestimmt auf DEIN Level<br><\/strong>Es gibt keinen One-Size-Fits-All-Ansatz: Deine Einheit wird entsprechend deines Levels gestaltet und fein abgestimmt.<\/p>\n\n\n\n<p><strong>\u2713<\/strong> <strong>Bitte mitbringen<br><\/strong>Eigene Yogamatte, Block, Decke, Trinkflasche und was du sonst f\u00fcr dein Wohlbefinden brauchst.<\/p>\n\n\n\n<p><strong>\u2713<\/strong> <strong>Feedback erw\u00fcnscht<br><\/strong>Nach jeder Stunde gibt es die M\u00f6glichkeit, Feedback zu geben \u2013 damit wir deine Praxis gemeinsam weiterentwickeln k\u00f6nnen.<\/p>\n\n\n\n<p><strong>\u2713<\/strong> <strong>Gratis Schnupper-Einheit<br><\/strong>Lass dich inspirieren und finde heraus, ob wir zusammen deinen Weg gestalten wollen.<\/p>\n\n\n\n<p><strong>\u2713<\/strong>&nbsp;<strong>Preis pro Einzelstunde:<\/strong><br>\u20ac 100,&#8211; pro 60 Minuten<\/p>\n<\/details>\n\n\n\n<p><br><\/p>\n\n\n\n<div class=\"wp-block-group is-nowrap is-layout-flex wp-container-core-group-is-layout-6c531013 wp-block-group-is-layout-flex\">\n<h2 class=\"wp-block-heading\">Gruppenkurs<\/h2>\n<\/div>\n\n\n\n<p>Kleine Gruppen, gro\u00dfe Wirkung. Ca. sieben Personen \u2013 genug Raum f\u00fcr individuelle Themen, getragen von einem wertsch\u00e4tzenden Miteinander. <\/p>\n\n\n\n<details class=\"wp-block-details is-layout-flow wp-block-details-is-layout-flow\"><summary><strong>Deine Vorteile auf einen Blick:<\/strong><\/summary>\n<p><strong>\u2713<\/strong> <strong>Kleine Gruppe mit ca. 7 Personen<br><\/strong>Pers\u00f6nlich, achtsam und mit Raum f\u00fcr individuelle Anliegen.<\/p>\n\n\n\n<p><strong>\u2713<\/strong> <strong>Bitte eigenes Yogaequipment mitbringen<br><\/strong>Yogamatte, Block, Decke, Trinkflasche \u2013 und alles, was du f\u00fcr dein Wohlbefinden brauchst.<\/p>\n\n\n\n<p><strong>\u2713<\/strong> <strong>Feedback erw\u00fcnscht<br><\/strong>Nach jeder Stunde kannst du R\u00fcckmeldung geben \u2013 so entwickeln wir deine Praxis gemeinsam weiter.<\/p>\n\n\n\n<p><strong>\u2713<\/strong> <strong>Eingestimmt auf das Level der Gruppe<br><\/strong> Es gibt keinen einheitlichen Ansatz \u2013 jede Einheit wird entsprechend der Vorerfahrung und Bed\u00fcrfnisse der Teilnehmenden gestaltet.<\/p>\n\n\n\n<p><strong>\u2713<\/strong> <strong>Kennenlern-Angebot<br><\/strong>Erste Schnupperstunde ist f\u00fcr Interessierte kostenlos.<\/p>\n<\/details>\n\n\n\n<p><\/p>\n<\/div>\n\n\n\n<div class=\"wp-block-group alignfull has-global-padding is-layout-constrained wp-container-core-group-is-layout-f611be13 wp-block-group-is-layout-constrained\" style=\"padding-top:var(--wp--preset--spacing--50);padding-right:var(--wp--preset--spacing--50);padding-bottom:var(--wp--preset--spacing--50);padding-left:var(--wp--preset--spacing--50)\">\n<h2 class=\"wp-block-heading\">Q&amp;A<\/h2>\n\n\n\n<details class=\"wp-block-details is-layout-flow wp-block-details-is-layout-flow\"><summary><strong>Wie lange dauert eine Einheit?<\/strong><\/summary>\n<p>Meine Einheiten dauern 60 Minuten.<\/p>\n<\/details>\n\n\n\n<details class=\"wp-block-details is-layout-flow wp-block-details-is-layout-flow\"><summary><strong>Welches Niveau hat die Stunde?<\/strong><\/summary>\n<p>Falls nicht ausdr\u00fccklich erw\u00e4hnt, sind die Einheiten bei mir sowohl f\u00fcr Anf\u00e4nger wie auch f\u00fcr Fortgeschrittene geeignet.<\/p>\n<\/details>\n\n\n\n<details class=\"wp-block-details is-layout-flow wp-block-details-is-layout-flow\"><summary><strong>Wie viele Teilnehmer sind in der Gruppenstunde?<\/strong><\/summary>\n<p>Ich arbeite am liebsten mit Kleingruppen. Daher haben die Gruppen bei mir ca. 7 Teilnehmer.<\/p>\n<\/details>\n\n\n\n<details class=\"wp-block-details is-layout-flow wp-block-details-is-layout-flow\"><summary><strong>Muss ich bestimmte k\u00f6rperliche oder psychische Einschr\u00e4nkungen vorher mitteilen?<\/strong><\/summary>\n<p>Ja, nur dann kann ich das auch ber\u00fccksichtigen. Am besten schriftlich am Anmeldebogen.<\/p>\n<\/details>\n\n\n\n<details class=\"wp-block-details is-layout-flow wp-block-details-is-layout-flow\"><summary><strong>Wie funktioniert die Anmeldung f\u00fcr einen Kurs?<\/strong><\/summary>\n<p>Am einfachsten \u00fcber das Anmeldeformular auf meiner Website.<\/p>\n<\/details>\n\n\n\n<details class=\"wp-block-details is-layout-flow wp-block-details-is-layout-flow\"><summary><strong>Gibt es Parkm\u00f6glichkeiten?<\/strong><\/summary>\n<p>Vor meinem Studio ist ein gro\u00dfer Parkplatz. Achtung bitte <strong>nicht <\/strong>die reservierten Parkpl\u00e4tze vom Gasthaus Gl\u00f6ckele benutzen.<\/p>\n<\/details>\n\n\n\n<details class=\"wp-block-details is-layout-flow wp-block-details-is-layout-flow\"><summary><strong>Anbindung mit den \u00d6ffis<\/strong><\/summary>\n<p>Direkt vor meinem Studio ist eine Bushaltestelle und Fahrradabstellpl\u00e4tze.<\/p>\n<\/details>\n\n\n\n<details class=\"wp-block-details is-layout-flow wp-block-details-is-layout-flow\"><summary><strong>Was genau muss ich selber mitbringen?<\/strong><\/summary>\n<p>Bitte Matte, Yogakissen und Decke (falls erw\u00fcnscht) mitbringen. Ich kann auch einige Matten, Kissen, Decken und Bl\u00f6cke kostenlos zur Verf\u00fcgung stellen, wenn gew\u00fcnscht.<\/p>\n<\/details>\n\n\n\n<details class=\"wp-block-details is-layout-flow wp-block-details-is-layout-flow\"><summary><strong>Welche Kleidung wird empfohlen?<\/strong><\/summary>\n<p>Bequeme, lockere und sportliche Kleidung wird empfohlen. Am besten eignet sich Kleidung aus Naturfasern f\u00fcr Yoga.<\/p>\n<\/details>\n<\/div>\n\n\n\n<figure class=\"wp-block-image size-large\"><img loading=\"lazy\" decoding=\"async\" width=\"1024\" height=\"819\" src=\"https:\/\/koerper-und-geist.at\/wp-content\/uploads\/2025\/08\/petr-sidorov-YAjiXNvFHlY-unsplash-1024x819.jpg\" alt=\"\" class=\"wp-image-122\" srcset=\"https:\/\/koerper-und-geist.at\/wp-content\/uploads\/2025\/08\/petr-sidorov-YAjiXNvFHlY-unsplash-1024x819.jpg 1024w, https:\/\/koerper-und-geist.at\/wp-content\/uploads\/2025\/08\/petr-sidorov-YAjiXNvFHlY-unsplash-300x240.jpg 300w, https:\/\/koerper-und-geist.at\/wp-content\/uploads\/2025\/08\/petr-sidorov-YAjiXNvFHlY-unsplash-768x614.jpg 768w, https:\/\/koerper-und-geist.at\/wp-content\/uploads\/2025\/08\/petr-sidorov-YAjiXNvFHlY-unsplash-1536x1229.jpg 1536w, https:\/\/koerper-und-geist.at\/wp-content\/uploads\/2025\/08\/petr-sidorov-YAjiXNvFHlY-unsplash-2048x1638.jpg 2048w\" sizes=\"auto, (max-width: 1024px) 100vw, 1024px\" \/><\/figure>\n\n\n\n<p><\/p>\n","protected":false},"excerpt":{"rendered":"<p>Der Weg zu Gesundheit und Harmonie Jeder kann Yoga praktizieren. Du musst kein Athlet oder Akrobat sein, um die Asanas (K\u00f6rperhaltungen) zu \u00fcben. Durch einfache Hilfsmittel kannst auch du Kraft, Selbstvertrauen und Beweglichkeit aufbauen, ohne \u00dcberlastung oder Verletzungen zu riskieren. Die Belastungen des modernen Lebens k\u00f6nnen physische Schmerzen und Krankheiten zur Folge haben, da wir [&hellip;]<\/p>\n","protected":false},"author":1,"featured_media":0,"parent":0,"menu_order":0,"comment_status":"closed","ping_status":"closed","template":"","meta":{"footnotes":""},"class_list":["post-68","page","type-page","status-publish","hentry"],"_links":{"self":[{"href":"https:\/\/koerper-und-geist.at\/index.php?rest_route=\/wp\/v2\/pages\/68","targetHints":{"allow":["GET"]}}],"collection":[{"href":"https:\/\/koerper-und-geist.at\/index.php?rest_route=\/wp\/v2\/pages"}],"about":[{"href":"https:\/\/koerper-und-geist.at\/index.php?rest_route=\/wp\/v2\/types\/page"}],"author":[{"embeddable":true,"href":"https:\/\/koerper-und-geist.at\/index.php?rest_route=\/wp\/v2\/users\/1"}],"replies":[{"embeddable":true,"href":"https:\/\/koerper-und-geist.at\/index.php?rest_route=%2Fwp%2Fv2%2Fcomments&post=68"}],"version-history":[{"count":50,"href":"https:\/\/koerper-und-geist.at\/index.php?rest_route=\/wp\/v2\/pages\/68\/revisions"}],"predecessor-version":[{"id":269,"href":"https:\/\/koerper-und-geist.at\/index.php?rest_route=\/wp\/v2\/pages\/68\/revisions\/269"}],"wp:attachment":[{"href":"https:\/\/koerper-und-geist.at\/index.php?rest_route=%2Fwp%2Fv2%2Fmedia&parent=68"}],"curies":[{"name":"wp","href":"https:\/\/api.w.org\/{rel}","templated":true}]}}